{"id":128,"date":"2012-12-07T10:52:51","date_gmt":"2012-12-07T08:52:51","guid":{"rendered":"http:\/\/www.sv-gebrazhofen.de\/?page_id=128"},"modified":"2025-08-20T22:57:18","modified_gmt":"2025-08-20T20:57:18","slug":"schiedsrichter-fusball","status":"publish","type":"page","link":"http:\/\/www.sv-gebrazhofen.de\/?page_id=128","title":{"rendered":"Schiedsrichter"},"content":{"rendered":"<p>Schiedsrichternachwuchs kann man nie genug haben. Dies zeigte sich vor wenigen Jahren, als f\u00fcr die Reservemannschaften der Herren keine Schiedsrichter mehr vom Verband gestellt wurden, und die Vereine dazu gezwungen waren, f\u00fcr die ordnungsgem\u00e4\u00dfe Leitung der Spiele selbst zu sorgen.<br \/>\nWer sich f\u00fcr die &#8222;Schiedsrichterei&#8220; interessiert, kann sich mit\u00a0 unserem Ansprechpartner f\u00fcr Schiedsrichter Siegfried Neidhart (siegfriedtobias@yahoo.de) in Verbindung setzen.<br \/>\nIm Internet k\u00f6nnt Ihr Euch auf der Homepage der Schiedsrichtergruppe Wangen weitere Informationen besorgen:\u00a0 <a href=\"http:\/\/www.srg-wangen.de\">www.srg-wangen.de<\/a><\/p>\n","protected":false},"excerpt":{"rendered":"<p>Schiedsrichternachwuchs kann man nie genug haben. Dies zeigte sich vor wenigen Jahren, als f\u00fcr die Reservemannschaften der Herren keine Schiedsrichter mehr vom Verband gestellt wurden, und die Vereine dazu gezwungen waren, f\u00fcr die ordnungsgem\u00e4\u00dfe Leitung der Spiele selbst zu sorgen. &hellip; <a href=\"http:\/\/www.sv-gebrazhofen.de\/?page_id=128\">Weiterlesen <span class=\"meta-nav\">&rarr;<\/span><\/a><\/p>\n","protected":false},"author":1,"featured_media":0,"parent":0,"menu_order":0,"comment_status":"closed","ping_status":"closed","template":"","meta":{"footnotes":""},"class_list":["post-128","page","type-page","status-publish","hentry"],"_links":{"self":[{"href":"http:\/\/www.sv-gebrazhofen.de\/index.php?rest_route=\/wp\/v2\/pages\/128","targetHints":{"allow":["GET"]}}],"collection":[{"href":"http:\/\/www.sv-gebrazhofen.de\/index.php?rest_route=\/wp\/v2\/pages"}],"about":[{"href":"http:\/\/www.sv-gebrazhofen.de\/index.php?rest_route=\/wp\/v2\/types\/page"}],"author":[{"embeddable":true,"href":"http:\/\/www.sv-gebrazhofen.de\/index.php?rest_route=\/wp\/v2\/users\/1"}],"replies":[{"embeddable":true,"href":"http:\/\/www.sv-gebrazhofen.de\/index.php?rest_route=%2Fwp%2Fv2%2Fcomments&post=128"}],"version-history":[{"count":15,"href":"http:\/\/www.sv-gebrazhofen.de\/index.php?rest_route=\/wp\/v2\/pages\/128\/revisions"}],"predecessor-version":[{"id":4989,"href":"http:\/\/www.sv-gebrazhofen.de\/index.php?rest_route=\/wp\/v2\/pages\/128\/revisions\/4989"}],"wp:attachment":[{"href":"http:\/\/www.sv-gebrazhofen.de\/index.php?rest_route=%2Fwp%2Fv2%2Fmedia&parent=128"}],"curies":[{"name":"wp","href":"https:\/\/api.w.org\/{rel}","templated":true}]}}