{"id":130,"date":"2012-12-07T10:53:03","date_gmt":"2012-12-07T08:53:03","guid":{"rendered":"http:\/\/www.sv-gebrazhofen.de\/?page_id=130"},"modified":"2020-10-23T10:04:01","modified_gmt":"2020-10-23T08:04:01","slug":"ah-fusball","status":"publish","type":"page","link":"http:\/\/www.sv-gebrazhofen.de\/?page_id=130","title":{"rendered":"AH"},"content":{"rendered":"<p>Egal ob Schneegest\u00f6ber, Regen, Sturm oder Sonnenschein \u2013 Mittwochs ab 19.30 Uhr treffen sich die AH-Kicker des SV Gebrazhofen zum Fu\u00dfballspiel auf dem Trainingsplatz des SV Gebrazhofen. Per App wird nat\u00fcrlich schon unter der Woche&nbsp; sondiert, wer alles zum Training kommen kann.<\/p>\n<p>Es ist vor allem <strong>die jahrelange Erfahrung<\/strong>, die die Spieler mit auf den Platz bringen \u2013 das Gros ist zwischen 30 und 55 Jahre jung. Unser \u00e4ltester Spieler ist &#8211; wenn man den Ger\u00fcchten und der Geburtsurkunde glauben schenken darf &#8211; schon 60 Jahre! Das sieht man Ihm aber keinesfalls an. Und durch seine Jahrzehntelange Erfahrung in der Abwehr tr\u00e4gt er den Namen &#8222;<strong><em>die Wand<\/em><\/strong>&#8220; nicht zu unrecht.<\/p>\n<p>Nicht selten treffen sich mehr als 15 Kicker am Mittwochabend. Auch wenn einem der Platz gr\u00f6\u00dfer und die Wege weiter vorkommen als noch vor ein paar Jahren, das Spiel auf den ganzen Platz setzt ungeahnte, fu\u00dfballerische Kr\u00e4fte frei.<\/p>\n<p>Es ist also f\u00fcr alle so ab 30 Jahren, die noch Lust am Fu\u00dfballspielen haben, eine tolle Sport-Gelegenheit.<\/p>\n<p>Und wer nach dem Training sein &#8222;Heimweh&#8220; im Griff hat, kann bei gem\u00fctlichem Zusammensein sich mit den anderen Sportbegeisterten AH\u00b4ler noch austauschen und seinen Elektrolythaushalt wieder ausgleichen.<\/p>\n<p>Mitmachen kann jeder, der Lust hat. Bei Interesse einfach mal vorbei kommen und mitmachen.<\/p>\n<p>Trainiert wird, solange m\u00f6glich, drau\u00dfen und dies immer Mittwoch\u00b4s ab 19.30 Uhr.<\/p>\n<p>Sollte es im Winter der Platz dann wirklich nicht mehr zulassen, trainieren wir immer Donnerstags ab 19.00 Uhr in der Halle in Gebrazhofen.<\/p>\n<p>Bei Fragen einfach bei Albert Hartmannsberger melden:<br \/>\n&gt; Tel.: 07563\/9151268; Handy: 0160\/7982939<\/p>\n","protected":false},"excerpt":{"rendered":"<p>Egal ob Schneegest\u00f6ber, Regen, Sturm oder Sonnenschein \u2013 Mittwochs ab 19.30 Uhr treffen sich die AH-Kicker des SV Gebrazhofen zum Fu\u00dfballspiel auf dem Trainingsplatz des SV Gebrazhofen. Per App wird nat\u00fcrlich schon unter der Woche&nbsp; sondiert, wer alles zum Training &hellip; <a href=\"http:\/\/www.sv-gebrazhofen.de\/?page_id=130\">Weiterlesen <span class=\"meta-nav\">&rarr;<\/span><\/a><\/p>\n","protected":false},"author":1,"featured_media":0,"parent":0,"menu_order":0,"comment_status":"closed","ping_status":"closed","template":"","meta":{"footnotes":""},"class_list":["post-130","page","type-page","status-publish","hentry"],"_links":{"self":[{"href":"http:\/\/www.sv-gebrazhofen.de\/index.php?rest_route=\/wp\/v2\/pages\/130","targetHints":{"allow":["GET"]}}],"collection":[{"href":"http:\/\/www.sv-gebrazhofen.de\/index.php?rest_route=\/wp\/v2\/pages"}],"about":[{"href":"http:\/\/www.sv-gebrazhofen.de\/index.php?rest_route=\/wp\/v2\/types\/page"}],"author":[{"embeddable":true,"href":"http:\/\/www.sv-gebrazhofen.de\/index.php?rest_route=\/wp\/v2\/users\/1"}],"replies":[{"embeddable":true,"href":"http:\/\/www.sv-gebrazhofen.de\/index.php?rest_route=%2Fwp%2Fv2%2Fcomments&post=130"}],"version-history":[{"count":14,"href":"http:\/\/www.sv-gebrazhofen.de\/index.php?rest_route=\/wp\/v2\/pages\/130\/revisions"}],"predecessor-version":[{"id":3948,"href":"http:\/\/www.sv-gebrazhofen.de\/index.php?rest_route=\/wp\/v2\/pages\/130\/revisions\/3948"}],"wp:attachment":[{"href":"http:\/\/www.sv-gebrazhofen.de\/index.php?rest_route=%2Fwp%2Fv2%2Fmedia&parent=130"}],"curies":[{"name":"wp","href":"https:\/\/api.w.org\/{rel}","templated":true}]}}