{"id":2673,"date":"2017-03-06T20:07:56","date_gmt":"2017-03-06T18:07:56","guid":{"rendered":"http:\/\/www.sv-gebrazhofen.de\/?page_id=2673"},"modified":"2023-01-19T21:03:51","modified_gmt":"2023-01-19T19:03:51","slug":"chronik","status":"publish","type":"page","link":"http:\/\/www.sv-gebrazhofen.de\/?page_id=2673","title":{"rendered":"Chronik"},"content":{"rendered":"<p><strong>Die wichtigsten Daten der Vereinschronik des SV Gebrazhofen e.V.<\/strong><\/p>\n<p><strong>1946:<\/strong><strong><br \/>\n<\/strong>Erstmalige Gr\u00fcndung des SV Gebrazhofen. Erster Vorstand ist Hans Sgier sen.<\/p>\n<p><strong>1954:<br \/>\n<\/strong>Aufl\u00f6sung des Vereins unter dem damaligen Vorstand Max D\u00fcrrenberger.<\/p>\n<p><strong>1966:<br \/>\n<\/strong>Neugr\u00fcndung des SV Gebrazhofen am 7. Mai 1966. Als 1. Vorstand wird Paul Schupp, als Stellvertreter Gustav Scharfenberger gew\u00e4hlt. Neben der Abteilung Herrenfu\u00dfball wird f\u00fcr die Damenwelt eine Gymnastikgruppe er\u00f6ffnet. In den folgenden zwei Jahrzehnten bestimmt der Fu\u00dfball das aktive Geschehen beim SV Gebrazhofen.<\/p>\n<p>1<strong>972:<br \/>\n<\/strong>Einweihung des neuen Sportplatzes und des Vereinsheims.<\/p>\n<p><strong>1973\/74:<br \/>\n<\/strong>Der SV Gebrazhofen holt \u201edas Tripple\u201c. Er steigt in die in die Kreisliga A auf, gewinnt 1974 den F\u00fcrst-Georg-Pokal und die Stadtmeisterschaft.<\/p>\n<p><strong>1980\/81:<br \/>\n<\/strong>Der SV Gebrazhofen gewinnt zum wiederholten Mal die Leutkircher Stadtmeisterschaft. Die erste Mannschaft wird Meister und steigt in die Bezirksliga auf. Die Reserve wird ebenfalls Meister. Der langj\u00e4hrige Erfolgstrainer Hans Fack h\u00f6rt auf.<\/p>\n<p><strong>1981-1983:<br \/>\n<\/strong>Der SV Gebrazhofen erreicht zweimal hintereinander den 5. Tabellenplatz in der Bezirksliga.<\/p>\n<p><strong>1983:<br \/>\n<\/strong>Der wohl gr\u00f6\u00dfte Sportliche Erfolg beim SVG-Fu\u00dfball. Man gewinnnt am 02.06.83 im Finale gegen die TSG Bad Wurzach den Bezirkspokal.<\/p>\n<p><strong>1984:<br \/>\n<\/strong>Paul Schupp (+) wird nach seiner langj\u00e4hrigen T\u00e4tigkeit beim SV Gebrazhofen zum Ehrenvorsitzenden ernannt.<\/p>\n<p><strong>1985:<br \/>\n<\/strong>Der SVG gr\u00fcndet eine Fu\u00dfball-Damenmannschaft. Lothar Schmid wird zum 1. Vorsitzen-den gew\u00e4hlt und leitet in den folgenden Jahren die Geschicke beim SV Gebrazhofen.<\/p>\n<p><strong>1989:<br \/>\n<\/strong>Die bereits 1988 gegr\u00fcndete Tae-Kwon-Do-Gruppe wird als neue Abteilung in den SV Gebrazhofen eingegliedert. In den folgenden Jahren kann die Abteilung beachtliche Erfolge vorweisen, darunter auch einige Landesmeistertitel.<\/p>\n<p><strong>1990:<br \/>\n<\/strong>Einweihung des neuen Sportgel\u00e4ndes der Grund- und Hauptschule Gebrazhofen. Die Herren-Fu\u00dfballmannschaft steigt nach 9 Jahren aus der Bezirksliga ab.<br \/>\nDie Abteilung Freizeitsport durchl\u00e4uft in den folgenden Jahren eine immense Weiterent-wicklung. Die urspr\u00fcnglich angebotene &#8222;reine Damengymnastik&#8220; gliedert sich in verschiedene Trendsportarten auf (Aerobic, Flexi-Bar, Pilates etc.). Auch f\u00fcr Kinder und deren Eltern gibt es Angebote f\u00fcr eine sportliche Bet\u00e4tigung.<\/p>\n<p><strong>1992:<br \/>\n<\/strong>Der Grundstock f\u00fcr die SVG-Volleyballabteilung wird gelegt. Was zun\u00e4chst als lockerer Freizeitvertreib unter der Bezeichnung &#8222;Zamma-Kommer&#8220; beginnt, wird in den folgenden Jahren immer intensiver betrieben und f\u00fchrt letztendlich zur Gr\u00fcndung einer Volleyball-Abteilung.<\/p>\n<p><strong>1995:<br \/>\n<\/strong>Die Tae-Kwon-Do-Abteilung durchlebt schwere Zeiten und steht kurz vor der Aufl\u00f6sung.<\/p>\n<p><strong>1996\/97:<br \/>\n<\/strong>Die SVG-Fu\u00dfballer steigen in die Kreisliga B ab, schaffen aber in der darauffolgenden Saison den direkten Wiederaufstieg.<\/p>\n<p><strong>1999\/2000:<br \/>\n<\/strong>Die Fu\u00dfballer steigen erneut in die unterste Spielklasse ab. \u00dcber zehn Jahre lang durchl\u00e4uft der Fu\u00dfball beim SVG seine bis dahin schw\u00e4rzeste Phase.<\/p>\n<p><strong>1998\/99:<br \/>\n<\/strong>Die Tae-Kwon-Do-Gruppe befindet sich im Neuaufbau und entwickelt sich in den kommenden Jahren zum Aush\u00e4ngeschild des SV Gebrazhofen.<\/p>\n<p><strong>1999\/2000:<br \/>\n<\/strong>Die Fu\u00dfballer steigen abermals in die unterste Spielklasse ab.<\/p>\n<p><strong>2006\/2007:<\/strong><br \/>\nDer Volleyballsport tritt vom reinen Freizeitvergn\u00fcgen in den aktiven Sport \u00fcber. In wenigen Jahren kann man im Jugendbereich und bei den Damen bzw. Herren erste Erfolge feiern. Zun\u00e4chst ist der Volleyballsport noch der Abteilung Freizeitsport angegliedert, wird aber 2011 zur eigenst\u00e4ndigen Abteilung mit Abteilungsleiter.<\/p>\n<p><strong>2009\/2010:<br \/>\n<\/strong>Julian Moik wird zwei Jahre in Folge deutscher Hochschulmeister im Tae-Kwon-Do.<\/p>\n<p><strong>2011:<br \/>\n<\/strong>Lothar Schmid, welcher mehrere Jahre SVG-Vorstand war und sich bis heute mit seiner\u00a0\u00a0\u00a0 Arbeit in allen Bereichen f\u00fcr den SV Gebrazhofen engagiert, wird zum Ehrenmitglied ernannt.<\/p>\n<p><strong>2012:<br \/>\n<\/strong> Der Abteilung Freizeitsport wird das sog. &#8222;Bazarteam&#8220; angegliedert. Der Erl\u00f6s aus den veranstalteten Kleiderbasaren kommt sozialen Projekten im Ort und dem Jugendsport des SV Gebrazhofen zugute.<\/p>\n<p><strong>2013:<br \/>\n<\/strong> Die Volleyball-Herren feiern ihren gr\u00f6\u00dften Erfolg und steigen in die Landesliga auf.<\/p>\n<p><strong>2014<\/strong>:<br \/>\nDer SVG-Fu\u00dfball hat seine Krise \u00fcberwunden. In den folgenden Jahren kehrt unter Trainer Bernd Schmid der Erfolg zur\u00fcck.<\/p>\n<p><strong>2015-2017:<br \/>\n<\/strong>Die erste Mannschaft verpa\u00dft 2015 den Relegationsplatz nur knapp. Die zweite Mannschaft holt sich dagegen den Meistertitel der Reserve. In den Jahren 2016 und 2017 verpa\u00dft die erste Mannschaft in den Relegationsspielen den Aufstieg in die Kreisliga A. 2017 sichert sich die zweite Mannschaft erneut den Meistertitel.<\/p>\n<p><strong>24.06.17:<br \/>\n<\/strong> Der SV Gebrazhofen feiert sein 50-j\u00e4hriges Jubil\u00e4um. In der Turn- und Festhalle in Gebrazhofen finden ca. 200 Vereinsmitglieder zusammen und erleben einen gelungenen Abend mit Vortr\u00e4gen aus den einzelnen Abteilungen und musikalischer Unterhaltung.<\/p>\n<p><strong>09.06.18:<br \/>\n<\/strong> Die erste Fu\u00dfballmannschaft des SV Gebrazhofen steigt nach 18 Jahren in die Kreisliga A auf. Die zweite Mannschaft belegt nach einer durchwachsenen Saison den 5. Tabellen-rang.<\/p>\n<p><strong><br \/>\nFunktion\u00e4re des SV Gebrazhofen 1966 e.V:<br \/>\n<\/strong><\/p>\n<p><strong>1. Vorsitzende(r)<\/strong><\/p>\n<p>1966-67: \u00a0\u00a0\u00a0\u00a0\u00a0\u00a0 Paul Schupp<br \/>\n1967-71:\u00a0\u00a0\u00a0\u00a0\u00a0\u00a0\u00a0 Adolf M\u00fcller<br \/>\n1971-73:\u00a0\u00a0\u00a0\u00a0\u00a0\u00a0\u00a0 Paul Schupp<br \/>\n1973-75:\u00a0\u00a0\u00a0\u00a0\u00a0\u00a0\u00a0 Willi Bussmann<br \/>\n1975-77:\u00a0\u00a0\u00a0\u00a0\u00a0\u00a0\u00a0 Alois M\u00fcller<br \/>\n1977-79:\u00a0\u00a0\u00a0\u00a0\u00a0\u00a0\u00a0 Heinz Peinecke<br \/>\n1979-85:\u00a0\u00a0\u00a0\u00a0\u00a0\u00a0\u00a0 Fritz R\u00f6lle<br \/>\n1985-91:\u00a0\u00a0\u00a0\u00a0\u00a0\u00a0\u00a0 Lothar Schmid<br \/>\n1991-95:\u00a0\u00a0\u00a0\u00a0\u00a0\u00a0\u00a0 Roland Tobold<br \/>\n1995-99:\u00a0\u00a0\u00a0\u00a0\u00a0\u00a0\u00a0 Erhard M\u00fcller<br \/>\n1999-2003:\u00a0\u00a0\u00a0 Anton Netzer<br \/>\n2003-2007:\u00a0\u00a0\u00a0 Lothar Schmid<br \/>\n2007-2011: \u00a0\u00a0 Vorstandsgremium\u00a0 Anton Netzer, Ewald Butscher, Roland Moosmann<br \/>\n2011-2013:\u00a0\u00a0\u00a0 Siegfried Edelmann<br \/>\nseit 2013:\u00a0\u00a0\u00a0\u00a0\u00a0 Josef Hengge<\/p>\n<p><strong>2. V<\/strong><strong>orsitzende(r)<\/strong><\/p>\n<p>1966-68\u00a0\u00a0\u00a0\u00a0\u00a0\u00a0\u00a0\u00a0\u00a0 Gustav Scharfenberger<br \/>\n1968-77\u00a0\u00a0\u00a0\u00a0\u00a0\u00a0\u00a0\u00a0\u00a0 Alois Sch\u00e4dler<br \/>\n1977-79\u00a0\u00a0\u00a0\u00a0\u00a0\u00a0\u00a0\u00a0\u00a0 Alfons Kraft<br \/>\n1979-81\u00a0\u00a0\u00a0\u00a0\u00a0\u00a0\u00a0\u00a0\u00a0 Otto Scheerer<br \/>\n1981-90\u00a0\u00a0\u00a0\u00a0\u00a0\u00a0\u00a0\u00a0\u00a0 Hans Sgier<br \/>\n1990-1992\u00a0\u00a0\u00a0\u00a0\u00a0 Anton Netzer<br \/>\n1992-98\u00a0\u00a0\u00a0\u00a0\u00a0\u00a0\u00a0\u00a0\u00a0 Lothar Schmid<br \/>\n1998-2000\u00a0\u00a0\u00a0\u00a0\u00a0 Gordian Netzer<br \/>\n2000-2003\u00a0\u00a0\u00a0\u00a0\u00a0 Ewald Butscher<br \/>\n2005-2007\u00a0\u00a0\u00a0\u00a0\u00a0 Roland Moosmann<br \/>\n2007-2011\u00a0\u00a0\u00a0\u00a0\u00a0 Vorstandsgremium\u00a0\u00a0\u00a0\u00a0\u00a0\u00a0 (siehe oben)<br \/>\n2011-2013\u00a0\u00a0\u00a0\u00a0\u00a0 Josef Hengge<br \/>\n2013-2018\u00a0\u00a0\u00a0\u00a0\u00a0 unbesetzt<br \/>\nseit 2018\u00a0\u00a0\u00a0\u00a0\u00a0\u00a0\u00a0 Reinhold Waibel<\/p>\n<p><strong>Kassier<\/strong><\/p>\n<p>1966-81\u00a0\u00a0\u00a0\u00a0\u00a0\u00a0\u00a0\u00a0\u00a0 Alois u. Elfriede Schauer<br \/>\n1981-87\u00a0\u00a0\u00a0\u00a0\u00a0\u00a0\u00a0\u00a0\u00a0 Gerhard Butscher<br \/>\n1987-90\u00a0\u00a0\u00a0\u00a0\u00a0\u00a0\u00a0\u00a0\u00a0 Peter Litzbarski<br \/>\n1990-91\u00a0\u00a0\u00a0\u00a0\u00a0\u00a0\u00a0\u00a0\u00a0 Roland Tobold<br \/>\n1991-97\u00a0\u00a0\u00a0\u00a0\u00a0\u00a0\u00a0\u00a0\u00a0 Hannelore Moosmann<br \/>\n1997-2001\u00a0\u00a0\u00a0\u00a0\u00a0 Martin Sch\u00e4dler<br \/>\n2001-2003\u00a0\u00a0\u00a0\u00a0\u00a0 Albert Hartmannsberger<br \/>\nseit 2003\u00a0\u00a0\u00a0\u00a0\u00a0\u00a0\u00a0 Christa Wollitz<\/p>\n<h1>Schriftf\u00fchrer<\/h1>\n<p>1966-75\u00a0\u00a0\u00a0\u00a0\u00a0\u00a0\u00a0\u00a0\u00a0 Wilhelm Bauer<br \/>\n1975-85\u00a0\u00a0\u00a0\u00a0\u00a0\u00a0\u00a0\u00a0\u00a0 Paul Schupp<br \/>\n1985-91\u00a0\u00a0\u00a0\u00a0\u00a0\u00a0\u00a0\u00a0\u00a0 Fritz R\u00f6lle<br \/>\n1991-97\u00a0\u00a0\u00a0\u00a0\u00a0\u00a0\u00a0\u00a0\u00a0 G\u00fcnter Neumann<br \/>\n1997-99\u00a0\u00a0\u00a0\u00a0\u00a0\u00a0\u00a0\u00a0\u00a0 Annette Schneider<br \/>\n1999-2001\u00a0\u00a0\u00a0\u00a0\u00a0 Tanja Zeh<br \/>\n2001-2005\u00a0\u00a0\u00a0\u00a0\u00a0\u00a0 Karl Neumann<br \/>\n2005-2006\u00a0\u00a0\u00a0\u00a0\u00a0\u00a0 Sonja Zerlaut<br \/>\n2006-2009\u00a0\u00a0\u00a0\u00a0\u00a0\u00a0 Stefanie Notz<br \/>\n2009-2011\u00a0\u00a0\u00a0\u00a0\u00a0\u00a0 Melanie Schmid<br \/>\n2011-2017\u00a0 \u00a0 \u00a0 Sabrina Maucher<\/p>\n<p>ab 2018\u00a0 \u00a0 \u00a0 \u00a0 \u00a0Janina Moosmann<\/p>\n","protected":false},"excerpt":{"rendered":"<p>Die wichtigsten Daten der Vereinschronik des SV Gebrazhofen e.V. 1946: Erstmalige Gr\u00fcndung des SV Gebrazhofen. Erster Vorstand ist Hans Sgier sen. 1954: Aufl\u00f6sung des Vereins unter dem damaligen Vorstand Max D\u00fcrrenberger. 1966: Neugr\u00fcndung des SV Gebrazhofen am 7. Mai 1966. &hellip; <a href=\"http:\/\/www.sv-gebrazhofen.de\/?page_id=2673\">Weiterlesen <span class=\"meta-nav\">&rarr;<\/span><\/a><\/p>\n","protected":false},"author":1,"featured_media":0,"parent":0,"menu_order":0,"comment_status":"closed","ping_status":"closed","template":"","meta":{"footnotes":""},"class_list":["post-2673","page","type-page","status-publish","hentry"],"_links":{"self":[{"href":"http:\/\/www.sv-gebrazhofen.de\/index.php?rest_route=\/wp\/v2\/pages\/2673","targetHints":{"allow":["GET"]}}],"collection":[{"href":"http:\/\/www.sv-gebrazhofen.de\/index.php?rest_route=\/wp\/v2\/pages"}],"about":[{"href":"http:\/\/www.sv-gebrazhofen.de\/index.php?rest_route=\/wp\/v2\/types\/page"}],"author":[{"embeddable":true,"href":"http:\/\/www.sv-gebrazhofen.de\/index.php?rest_route=\/wp\/v2\/users\/1"}],"replies":[{"embeddable":true,"href":"http:\/\/www.sv-gebrazhofen.de\/index.php?rest_route=%2Fwp%2Fv2%2Fcomments&post=2673"}],"version-history":[{"count":6,"href":"http:\/\/www.sv-gebrazhofen.de\/index.php?rest_route=\/wp\/v2\/pages\/2673\/revisions"}],"predecessor-version":[{"id":4298,"href":"http:\/\/www.sv-gebrazhofen.de\/index.php?rest_route=\/wp\/v2\/pages\/2673\/revisions\/4298"}],"wp:attachment":[{"href":"http:\/\/www.sv-gebrazhofen.de\/index.php?rest_route=%2Fwp%2Fv2%2Fmedia&parent=2673"}],"curies":[{"name":"wp","href":"https:\/\/api.w.org\/{rel}","templated":true}]}}