{"id":3220,"date":"2018-05-12T07:18:54","date_gmt":"2018-05-12T05:18:54","guid":{"rendered":"http:\/\/www.sv-gebrazhofen.de\/?page_id=3220"},"modified":"2026-05-03T12:13:42","modified_gmt":"2026-05-03T10:13:42","slug":"taekwondo-chronik","status":"publish","type":"page","link":"http:\/\/www.sv-gebrazhofen.de\/?page_id=3220","title":{"rendered":"Taekwondo Chronik"},"content":{"rendered":"<p style=\"text-align: left;\">Die Anf\u00e4nge der TKD Gruppe finden sich im Fitnessstudio Giusi&#8217;s in Leutkirch im Fr\u00fchjahr 1988 unter der Leitung von Horst Nick. Nach eineinhalb Jahren wurde nach neuen Trainings-R\u00e4umlichkeiten gesucht. Nach einer zweimonatigen \u00dcbergangszeit im gro\u00dfen Saal im Adler wurde man dann im Jahr 1989 vom SVG aufgenommen.<\/p>\n<p style=\"text-align: left;\"><img loading=\"lazy\" decoding=\"async\" class=\"alignnone size-full wp-image-3278\" src=\"http:\/\/www.sv-gebrazhofen.de\/wp-content\/uploads\/2018\/05\/Bild_1.jpg\" alt=\"\" width=\"1112\" height=\"854\" srcset=\"http:\/\/www.sv-gebrazhofen.de\/wp-content\/uploads\/2018\/05\/Bild_1.jpg 1112w, http:\/\/www.sv-gebrazhofen.de\/wp-content\/uploads\/2018\/05\/Bild_1-595x457.jpg 595w, http:\/\/www.sv-gebrazhofen.de\/wp-content\/uploads\/2018\/05\/Bild_1-768x590.jpg 768w, http:\/\/www.sv-gebrazhofen.de\/wp-content\/uploads\/2018\/05\/Bild_1-960x737.jpg 960w, http:\/\/www.sv-gebrazhofen.de\/wp-content\/uploads\/2018\/05\/Bild_1-391x300.jpg 391w\" sizes=\"auto, (max-width: 1112px) 100vw, 1112px\" \/><em>V.l.n.r:\u00a0\u00a0 Horst Nick, Peter Stein, Simon Sipple li. sitzend auf dem Boden, <\/em><em>Wolfgang Nitz<br \/>\n<\/em><em>und Pr\u00fcfer Kum Young Whang, 8. Dan auf dem Stuhl<\/em><\/p>\n<p style=\"text-align: left;\"><img loading=\"lazy\" decoding=\"async\" class=\"alignnone size-full wp-image-3279\" src=\"http:\/\/www.sv-gebrazhofen.de\/wp-content\/uploads\/2018\/05\/Bild_2.jpg\" alt=\"\" width=\"1274\" height=\"779\" srcset=\"http:\/\/www.sv-gebrazhofen.de\/wp-content\/uploads\/2018\/05\/Bild_2.jpg 1274w, http:\/\/www.sv-gebrazhofen.de\/wp-content\/uploads\/2018\/05\/Bild_2-595x364.jpg 595w, http:\/\/www.sv-gebrazhofen.de\/wp-content\/uploads\/2018\/05\/Bild_2-768x470.jpg 768w, http:\/\/www.sv-gebrazhofen.de\/wp-content\/uploads\/2018\/05\/Bild_2-960x587.jpg 960w, http:\/\/www.sv-gebrazhofen.de\/wp-content\/uploads\/2018\/05\/Bild_2-491x300.jpg 491w\" sizes=\"auto, (max-width: 1274px) 100vw, 1274px\" \/><em>Peter Stein (Vorstand und Trainer von TKD Bad Wurzach) im Wettkampf mit<br \/>\nSimon Sipple<\/em><\/p>\n<p style=\"text-align: left;\">Im Juli 1990 fand die erste Vorf\u00fchrung der Gruppe bei der Einweihung der Schul- und Sportanlagen statt. In den folgenden Jahren wurde der SVG durch die TKD-Gruppe auch \u00fcber die heimische Region hinaus bekannt. Mehrere Landesmeistertitel f\u00fchrten zur Qualifikation f\u00fcr die Deutsche Meisterschaft. Gr\u00f6\u00dfte Erfolge waren hierbei zweimal der dritte Platz und ein Vizemeistertitel. Seit 1990 nehmen auch regelm\u00e4\u00dfig Mitglieder der TKD Gruppe an der Sportler-Ehrung in Leutkirch teil.<\/p>\n<p style=\"text-align: left;\"><em><img loading=\"lazy\" decoding=\"async\" class=\"alignnone wp-image-3280 size-medium\" src=\"http:\/\/www.sv-gebrazhofen.de\/wp-content\/uploads\/2018\/05\/Bild_3-595x399.jpg\" alt=\"\" width=\"595\" height=\"399\" srcset=\"http:\/\/www.sv-gebrazhofen.de\/wp-content\/uploads\/2018\/05\/Bild_3-595x399.jpg 595w, http:\/\/www.sv-gebrazhofen.de\/wp-content\/uploads\/2018\/05\/Bild_3-768x515.jpg 768w, http:\/\/www.sv-gebrazhofen.de\/wp-content\/uploads\/2018\/05\/Bild_3-960x643.jpg 960w, http:\/\/www.sv-gebrazhofen.de\/wp-content\/uploads\/2018\/05\/Bild_3-448x300.jpg 448w, http:\/\/www.sv-gebrazhofen.de\/wp-content\/uploads\/2018\/05\/Bild_3.jpg 1349w\" sizes=\"auto, (max-width: 595px) 100vw, 595px\" \/><\/em><em>Training 1991 in Gebrazhofen (Simon Sipple, noch mit rotem Gurt)<\/em><\/p>\n<p style=\"text-align: left;\">Erster gro\u00dfer Durchh\u00e4nger und \u201eFastaufl\u00f6sung\u201d war im Jahr 1995. Horst Nick \u00fcbergab zu diesem Zeitpunkt die Leitung an Christian Nick, Wolfgang Nitz und Simon Sipple.<\/p>\n<p style=\"text-align: left;\"><img loading=\"lazy\" decoding=\"async\" class=\"alignnone wp-image-3281 size-medium\" src=\"http:\/\/www.sv-gebrazhofen.de\/wp-content\/uploads\/2018\/05\/Bild_5a-595x271.jpg\" alt=\"\" width=\"595\" height=\"271\" srcset=\"http:\/\/www.sv-gebrazhofen.de\/wp-content\/uploads\/2018\/05\/Bild_5a-595x271.jpg 595w, http:\/\/www.sv-gebrazhofen.de\/wp-content\/uploads\/2018\/05\/Bild_5a-768x350.jpg 768w, http:\/\/www.sv-gebrazhofen.de\/wp-content\/uploads\/2018\/05\/Bild_5a-960x437.jpg 960w, http:\/\/www.sv-gebrazhofen.de\/wp-content\/uploads\/2018\/05\/Bild_5a-500x228.jpg 500w, http:\/\/www.sv-gebrazhofen.de\/wp-content\/uploads\/2018\/05\/Bild_5a.jpg 1107w\" sizes=\"auto, (max-width: 595px) 100vw, 595px\" \/><em>Vorf\u00fchrung 95 mit dem neuen Trainerteam:<\/em><br \/>\n<em>Links:\u00a0\u00a0\u00a0\u00a0\u00a0 Simon mit Sprungtechnik; Wolfgang und Christian als \u201cBretthalter\u201d<\/em><br \/>\n<em>Rechts:\u00a0\u00a0 Simon bei einer \u201cPoomsae\u201d<\/em><\/p>\n<p style=\"text-align: left;\">1998 verlie\u00dfen Christian und Wolfgang die Gruppe, und Simon stand alleine da. Aufgrund beruflicher Umorientierung hatte er 1998\/99 reichlich Zeit, einen Neuaufbau der TKD- Gruppe zu stemmen (es wurde teileweise auch nur zu zweit trainiert).<\/p>\n<p style=\"text-align: left;\"><img loading=\"lazy\" decoding=\"async\" class=\"alignnone wp-image-3282 size-medium\" src=\"http:\/\/www.sv-gebrazhofen.de\/wp-content\/uploads\/2018\/05\/Bild_7a-595x224.jpg\" alt=\"\" width=\"595\" height=\"224\" srcset=\"http:\/\/www.sv-gebrazhofen.de\/wp-content\/uploads\/2018\/05\/Bild_7a-595x224.jpg 595w, http:\/\/www.sv-gebrazhofen.de\/wp-content\/uploads\/2018\/05\/Bild_7a-768x290.jpg 768w, http:\/\/www.sv-gebrazhofen.de\/wp-content\/uploads\/2018\/05\/Bild_7a-960x362.jpg 960w, http:\/\/www.sv-gebrazhofen.de\/wp-content\/uploads\/2018\/05\/Bild_7a-500x189.jpg 500w, http:\/\/www.sv-gebrazhofen.de\/wp-content\/uploads\/2018\/05\/Bild_7a.jpg 1387w\" sizes=\"auto, (max-width: 595px) 100vw, 595px\" \/><em>Wieder auf Erfolgskurs:<\/em><br \/>\n<em> W\u00fcrttembergische Meisterschaft 1999, mit den Finalisten Julian Moik (linkes Bild)<\/em><br \/>\n<em> und Ilknur Colak mit Trainer Simon Sipple (rechtes Bild)<\/em><\/p>\n<p style=\"text-align: left;\">Ab Mitte 1999 wurde Simon Sipple durch Ludwig Lingenheil (damals Trainer in Wangen) f\u00fcr die Weiterentwicklung und Aufrechterhaltung des Trainingsbetriebs tatkr\u00e4ftig unterst\u00fctzt.<br \/>\nSeit 1999 wurden rund 30 Sportler zum Meistergrad ausgebildet. Davon zahlreiche zum 2., 3. und 4. Dan.<\/p>\n<p style=\"text-align: left;\"><em><img loading=\"lazy\" decoding=\"async\" class=\"alignnone wp-image-3283 size-medium\" src=\"http:\/\/www.sv-gebrazhofen.de\/wp-content\/uploads\/2018\/05\/Bild_8a-595x196.jpg\" alt=\"\" width=\"595\" height=\"196\" srcset=\"http:\/\/www.sv-gebrazhofen.de\/wp-content\/uploads\/2018\/05\/Bild_8a-595x196.jpg 595w, http:\/\/www.sv-gebrazhofen.de\/wp-content\/uploads\/2018\/05\/Bild_8a-768x253.jpg 768w, http:\/\/www.sv-gebrazhofen.de\/wp-content\/uploads\/2018\/05\/Bild_8a-960x316.jpg 960w, http:\/\/www.sv-gebrazhofen.de\/wp-content\/uploads\/2018\/05\/Bild_8a-500x165.jpg 500w, http:\/\/www.sv-gebrazhofen.de\/wp-content\/uploads\/2018\/05\/Bild_8a.jpg 1393w\" sizes=\"auto, (max-width: 595px) 100vw, 595px\" \/><\/em><em>Ludwig Lingenheil im Training (linkes Bild) und w\u00e4hrend einer Vorf\u00fchrung<br \/>\n<\/em><em>beim \u201cBruchtest\u201d (rechtes Bild)<\/em><\/p>\n<p style=\"text-align: left;\">Die TKD AG in Kooperation mit der Grundschule Engerazhofen wurde ab dem Schuljahr 2001\/ 2002 ins Leben gerufen und besteht immer noch als Au\u00dfenstelle der Abteilung.<\/p>\n<p style=\"text-align: left;\"><img loading=\"lazy\" decoding=\"async\" class=\"alignnone wp-image-3284 size-medium\" src=\"http:\/\/www.sv-gebrazhofen.de\/wp-content\/uploads\/2018\/05\/Bild_9-595x386.jpg\" alt=\"\" width=\"595\" height=\"386\" srcset=\"http:\/\/www.sv-gebrazhofen.de\/wp-content\/uploads\/2018\/05\/Bild_9-595x386.jpg 595w, http:\/\/www.sv-gebrazhofen.de\/wp-content\/uploads\/2018\/05\/Bild_9-768x498.jpg 768w, http:\/\/www.sv-gebrazhofen.de\/wp-content\/uploads\/2018\/05\/Bild_9-960x622.jpg 960w, http:\/\/www.sv-gebrazhofen.de\/wp-content\/uploads\/2018\/05\/Bild_9-463x300.jpg 463w, http:\/\/www.sv-gebrazhofen.de\/wp-content\/uploads\/2018\/05\/Bild_9.jpg 1362w\" sizes=\"auto, (max-width: 595px) 100vw, 595px\" \/><em>Simon Sipple trainiert die erste Gruppe in Engerazhofen<\/em><\/p>\n<p style=\"text-align: left;\">Seit 2002 pr\u00e4gen die neuen Methoden und leistungsbezogenen Wettkampfeinheiten durch Daniel Kerler einen deutlichen Aufschwung im Wettkampfteam.<\/p>\n<p style=\"text-align: left;\"><img loading=\"lazy\" decoding=\"async\" class=\"alignnone wp-image-3285 size-medium\" src=\"http:\/\/www.sv-gebrazhofen.de\/wp-content\/uploads\/2018\/05\/Bild_10-595x396.jpg\" alt=\"\" width=\"595\" height=\"396\" srcset=\"http:\/\/www.sv-gebrazhofen.de\/wp-content\/uploads\/2018\/05\/Bild_10-595x396.jpg 595w, http:\/\/www.sv-gebrazhofen.de\/wp-content\/uploads\/2018\/05\/Bild_10-768x511.jpg 768w, http:\/\/www.sv-gebrazhofen.de\/wp-content\/uploads\/2018\/05\/Bild_10-960x638.jpg 960w, http:\/\/www.sv-gebrazhofen.de\/wp-content\/uploads\/2018\/05\/Bild_10-451x300.jpg 451w, http:\/\/www.sv-gebrazhofen.de\/wp-content\/uploads\/2018\/05\/Bild_10.jpg 1387w\" sizes=\"auto, (max-width: 595px) 100vw, 595px\" \/><em>Daniel Kerler (kickend) und Julian Moik<\/em><\/p>\n<p style=\"text-align: left;\"><img loading=\"lazy\" decoding=\"async\" class=\"alignnone wp-image-3286 size-thumbnail\" src=\"http:\/\/www.sv-gebrazhofen.de\/wp-content\/uploads\/2018\/05\/Bild_11-480x640.jpg\" alt=\"\" width=\"480\" height=\"640\" \/><br \/>\n<em>Daniel Kerler als Wettkampftrainer und Coach<\/em><\/p>\n<p style=\"text-align: left;\">Bisher wurden insgesamt 8 Mitglieder zu lizenzierten Trainern an der Sportschule Sch\u00f6neck ausgebildet. Alle Lizenzen werden bis zum heutigen Tag aktuell gehalten (im Abstand von vier Jahren m\u00fcssen die Lizenzen verl\u00e4ngert werden).<\/p>\n<p style=\"text-align: left;\"><img loading=\"lazy\" decoding=\"async\" class=\"alignnone wp-image-3287 size-medium\" src=\"http:\/\/www.sv-gebrazhofen.de\/wp-content\/uploads\/2018\/05\/Bild_12-595x333.jpg\" alt=\"\" width=\"595\" height=\"333\" srcset=\"http:\/\/www.sv-gebrazhofen.de\/wp-content\/uploads\/2018\/05\/Bild_12-595x333.jpg 595w, http:\/\/www.sv-gebrazhofen.de\/wp-content\/uploads\/2018\/05\/Bild_12-768x430.jpg 768w, http:\/\/www.sv-gebrazhofen.de\/wp-content\/uploads\/2018\/05\/Bild_12-960x538.jpg 960w, http:\/\/www.sv-gebrazhofen.de\/wp-content\/uploads\/2018\/05\/Bild_12-500x280.jpg 500w, http:\/\/www.sv-gebrazhofen.de\/wp-content\/uploads\/2018\/05\/Bild_12.jpg 1658w\" sizes=\"auto, (max-width: 595px) 100vw, 595px\" \/><em>F\u00fcnf der sieben ausgebildeten Trainer C: <\/em><br \/>\n<em>Annette, Daniel, Carmen, Christoph (keine Trainer- Lizenz), Julian und Simon<\/em><\/p>\n<p style=\"text-align: left;\">Weiterbildung und neue Impulse k\u00f6nnen auf hochwertige Lehrg\u00e4nge mit Referenten auf h\u00f6chsten Niveau (Europa-, Weltmeister und auch Olympiasieger) gesammelt werden. Mit mehreren ehemaligen und aktuellen Landesmeistern geh\u00f6rt die Abteilung TKD zu einer festen Gr\u00f6\u00dfen im Wettkampfgeschehen der TKD Union Baden W\u00fcrttemberg (TUBW). Auch auf Bundesebene konnten wir mit Julian unseren ersten Deutschen Hochschulmeister zwei Jahre in Folge 2009 und 2010 feiern. Zu dieser Zeit war er in den Leistungskaders der TUBW berufen.<\/p>\n<p style=\"text-align: left;\"><img loading=\"lazy\" decoding=\"async\" class=\"alignnone wp-image-3288 size-medium\" src=\"http:\/\/www.sv-gebrazhofen.de\/wp-content\/uploads\/2018\/05\/Bild_13-595x342.jpg\" alt=\"\" width=\"595\" height=\"342\" srcset=\"http:\/\/www.sv-gebrazhofen.de\/wp-content\/uploads\/2018\/05\/Bild_13-595x342.jpg 595w, http:\/\/www.sv-gebrazhofen.de\/wp-content\/uploads\/2018\/05\/Bild_13-768x441.jpg 768w, http:\/\/www.sv-gebrazhofen.de\/wp-content\/uploads\/2018\/05\/Bild_13-960x551.jpg 960w, http:\/\/www.sv-gebrazhofen.de\/wp-content\/uploads\/2018\/05\/Bild_13-500x287.jpg 500w\" sizes=\"auto, (max-width: 595px) 100vw, 595px\" \/><\/p>\n<p style=\"text-align: left;\"><em>Lehrgang in Lengerich mit Europa-, Weltmeister und Olympiasiegern<\/em><\/p>\n<p style=\"text-align: left;\"><img loading=\"lazy\" decoding=\"async\" class=\"alignnone wp-image-3289 size-thumbnail\" src=\"http:\/\/www.sv-gebrazhofen.de\/wp-content\/uploads\/2018\/05\/Bild_14-480x640.jpg\" alt=\"\" width=\"480\" height=\"640\" \/><em><br \/>\nJulian bei der Fight Night mit Treffer zum Kopf<\/em><\/p>\n<p style=\"text-align: left;\"><img loading=\"lazy\" decoding=\"async\" class=\"alignnone wp-image-3290 size-medium\" src=\"http:\/\/www.sv-gebrazhofen.de\/wp-content\/uploads\/2018\/05\/Bild_16a-595x246.jpg\" alt=\"\" width=\"595\" height=\"246\" srcset=\"http:\/\/www.sv-gebrazhofen.de\/wp-content\/uploads\/2018\/05\/Bild_16a-595x246.jpg 595w, http:\/\/www.sv-gebrazhofen.de\/wp-content\/uploads\/2018\/05\/Bild_16a-768x318.jpg 768w, http:\/\/www.sv-gebrazhofen.de\/wp-content\/uploads\/2018\/05\/Bild_16a-960x397.jpg 960w, http:\/\/www.sv-gebrazhofen.de\/wp-content\/uploads\/2018\/05\/Bild_16a-500x207.jpg 500w, http:\/\/www.sv-gebrazhofen.de\/wp-content\/uploads\/2018\/05\/Bild_16a.jpg 1324w\" sizes=\"auto, (max-width: 595px) 100vw, 595px\" \/><em>Carmen Seeger in Aktion (linkes Bild), <\/em><br \/>\n<em>Carmen gegen ihre Vereinspartnerin Kerstin (rechtes Bild)<\/em><\/p>\n<p style=\"text-align: left;\">\u00dcber die letzten Jahre trainieren Menschen aus den verschiedensten Regionen der Welt (Russland, Costa Rica, Nord Korea, Syrien und Tschetschenien) in unserer Abteilung mit.<br \/>\nHierbei findet eine vorbildliche Integration von Fl\u00fcchtlingen im Training statt (Initiator: Julian Moik).<\/p>\n<p style=\"text-align: left;\"><strong>Weitere Verdienste unseres derzeitigen Abteilungsleiters Julian Moik:<\/strong><\/p>\n<p style=\"text-align: left;\">Organisation eines Besuches von Regio TV Bodensee mit anschlie\u00dfender Ausstrahlung eines Berichtes \u00fcber die Abteilung TKD Gebrazhofen anl\u00e4sslich der Olympischen\u00a0Spiele im Fernsehen.<\/p>\n<p style=\"text-align: left;\"><img loading=\"lazy\" decoding=\"async\" class=\"alignnone wp-image-3291 size-medium\" src=\"http:\/\/www.sv-gebrazhofen.de\/wp-content\/uploads\/2018\/05\/Bild_17-595x330.jpg\" alt=\"\" width=\"595\" height=\"330\" srcset=\"http:\/\/www.sv-gebrazhofen.de\/wp-content\/uploads\/2018\/05\/Bild_17-595x330.jpg 595w, http:\/\/www.sv-gebrazhofen.de\/wp-content\/uploads\/2018\/05\/Bild_17-768x426.jpg 768w, http:\/\/www.sv-gebrazhofen.de\/wp-content\/uploads\/2018\/05\/Bild_17-960x532.jpg 960w, http:\/\/www.sv-gebrazhofen.de\/wp-content\/uploads\/2018\/05\/Bild_17-500x277.jpg 500w, http:\/\/www.sv-gebrazhofen.de\/wp-content\/uploads\/2018\/05\/Bild_17.jpg 1625w\" sizes=\"auto, (max-width: 595px) 100vw, 595px\" \/><em>Gruppenbild Zusammen mit Reporterin <\/em><em>Lilia Ben Amor von Regio TV Bodensee<\/em><\/p>\n<p style=\"text-align: left;\">Durchf\u00fchrung einer Landes-Dan-Pr\u00fcfung (TUBW) in Gebrazhofen in Zusammenarbeit mit den Vereinen aus Wuchzenhofen und Kimratshofen.<\/p>\n<p style=\"text-align: left;\"><img loading=\"lazy\" decoding=\"async\" class=\"alignnone wp-image-3292 size-medium\" src=\"http:\/\/www.sv-gebrazhofen.de\/wp-content\/uploads\/2018\/05\/Bild_18a-595x217.jpg\" alt=\"\" width=\"595\" height=\"217\" srcset=\"http:\/\/www.sv-gebrazhofen.de\/wp-content\/uploads\/2018\/05\/Bild_18a-595x217.jpg 595w, http:\/\/www.sv-gebrazhofen.de\/wp-content\/uploads\/2018\/05\/Bild_18a-768x280.jpg 768w, http:\/\/www.sv-gebrazhofen.de\/wp-content\/uploads\/2018\/05\/Bild_18a-960x350.jpg 960w, http:\/\/www.sv-gebrazhofen.de\/wp-content\/uploads\/2018\/05\/Bild_18a-500x183.jpg 500w, http:\/\/www.sv-gebrazhofen.de\/wp-content\/uploads\/2018\/05\/Bild_18a.jpg 1663w\" sizes=\"auto, (max-width: 595px) 100vw, 595px\" \/><em>Janina Moosmann beim Bruchtest mit einer Sprungdrehtechnik (linkes Bild);<br \/>\nCarmen Seeger beim Bruchtest (rechtes Bild)<br \/>\n<\/em><\/p>\n<p style=\"text-align: left;\"><em><img loading=\"lazy\" decoding=\"async\" class=\"alignnone wp-image-3294 size-medium\" src=\"http:\/\/www.sv-gebrazhofen.de\/wp-content\/uploads\/2018\/05\/Bild_19-1-595x220.jpg\" alt=\"\" width=\"595\" height=\"220\" srcset=\"http:\/\/www.sv-gebrazhofen.de\/wp-content\/uploads\/2018\/05\/Bild_19-1-595x220.jpg 595w, http:\/\/www.sv-gebrazhofen.de\/wp-content\/uploads\/2018\/05\/Bild_19-1-768x284.jpg 768w, http:\/\/www.sv-gebrazhofen.de\/wp-content\/uploads\/2018\/05\/Bild_19-1-960x355.jpg 960w, http:\/\/www.sv-gebrazhofen.de\/wp-content\/uploads\/2018\/05\/Bild_19-1-500x185.jpg 500w, http:\/\/www.sv-gebrazhofen.de\/wp-content\/uploads\/2018\/05\/Bild_19-1.jpg 1807w\" sizes=\"auto, (max-width: 595px) 100vw, 595px\" \/><\/em><em>Julian bei der Dan Pr\u00fcfung (von li. nach re.): Formenlauf, Einschritt-Kampf und Bruchtest<\/em><\/p>\n<p style=\"text-align: left;\">Eine konstante Mitgliederzahl von rund 100 Aktiven wird durch regelm\u00e4\u00dfige Einsteigerkurse und verschiedensten Freizeitaktivit\u00e4ten auch neben dem Trainingsbetrieb gew\u00e4hrleistet.<br \/>\nTrainiert wird an f\u00fcnf festen Tagen in Gebrazhofen mit insgesamt sieben Trainingseinheiten pro Woche. Des \u00d6fteren wird auch am Samstag spezielles Training aus aktuellen Anl\u00e4ssen (Wettkampf- oder Pr\u00fcfungsvorbereitung) angeboten.<br \/>\nSeit 2007 ist die Abteilung TKD regelm\u00e4\u00dfig im SVG-Vereinsrat vertreten.<br \/>\nAb 2011 wurde aus der TKD Gruppe, welche urspr\u00fcnglich der Abteilung Freizeitsport angegliedert war, eine eigene Abteilung.<\/p>\n<p>Mittlerweile ist die Abteilung regelm\u00e4\u00dfig Ausrichter von Pr\u00fcfungen und Lehrg\u00e4ngen mit \u00fcberregionalem Charakter. So findet j\u00e4hrlich ein gro\u00dfer Lehrgang mit Referent Hermann Deeg (Pr\u00e4sident der TUBW) und seinem Team statt. 2024 fand die Landesdan-Pr\u00fcfung bis zum 9. Dan in Gebrazhofen statt, bei der auch das Trainer-Team Janina, Julian, Simon und Daniel ihren 4. Dan erlangten.<\/p>\n<p>Im Jahr 2025 konnte die Trainer-Legende Georg Streif (u. a. ehemals Bundestrainer und Olympia-Coach) als Referent f\u00fcr den gebrazhofener Lehrgang gewonnen werden.<\/p>\n<p>Ein weiterer Meilenstein ist der Status eines offiziellen Standortes der zukunftr\u00e4chtigen Taekwondo-Variante Taekwondo Defense (TKDD). Julian und Simon sind lizenzierte Trainer und Pr\u00fcfer sowie Dan-Tr\u00e4ger vom TKDD. Sie absolvierten 2025 ihre Pr\u00fcfungen zum 2. Dan. Mit Lena Throner und r\u00fcckt eine weitere Trainerin ins Team Defense. Sie bestand 2025 ihre Pr\u00fcfung zum 1. Dan TKDD.<\/p>\n<p>Janina und Kerstin erlangten die Schulsportlehrer-Lizenz der DTU und des Kultusministeriums und sind nun offizielle Schulsportlehrer.<\/p>\n<p>Julian, Simon und Daniel absolvierten 2024 die Ausbildung zur Trainer-B-Lizenz und bestanden die Pr\u00fcfungen mit Bestnoten. <span style=\"font-size: revert;\">Daniel absolvierte 2024 zudem die Ausbildung zum DTU-Pr\u00fcfer und bestand die Pr\u00fcfung hierzu im April 2024.<\/span><\/p>\n<p style=\"text-align: left;\"><strong>Abteilungsleiter:<\/strong><\/p>\n<p style=\"text-align: left;\">2011- 2013 Simon Sipple<br \/>\n2013- 2014 Daniel Kerler<br \/>\nseit 2014 Julian Moik<\/p>\n<p style=\"text-align: left;\">\n","protected":false},"excerpt":{"rendered":"<p>Die Anf\u00e4nge der TKD Gruppe finden sich im Fitnessstudio Giusi&#8217;s in Leutkirch im Fr\u00fchjahr 1988 unter der Leitung von Horst Nick. Nach eineinhalb Jahren wurde nach neuen Trainings-R\u00e4umlichkeiten gesucht. Nach einer zweimonatigen \u00dcbergangszeit im gro\u00dfen Saal im Adler wurde man &hellip; <a href=\"http:\/\/www.sv-gebrazhofen.de\/?page_id=3220\">Weiterlesen <span class=\"meta-nav\">&rarr;<\/span><\/a><\/p>\n","protected":false},"author":1,"featured_media":0,"parent":0,"menu_order":0,"comment_status":"closed","ping_status":"closed","template":"","meta":{"footnotes":""},"class_list":["post-3220","page","type-page","status-publish","hentry"],"_links":{"self":[{"href":"http:\/\/www.sv-gebrazhofen.de\/index.php?rest_route=\/wp\/v2\/pages\/3220","targetHints":{"allow":["GET"]}}],"collection":[{"href":"http:\/\/www.sv-gebrazhofen.de\/index.php?rest_route=\/wp\/v2\/pages"}],"about":[{"href":"http:\/\/www.sv-gebrazhofen.de\/index.php?rest_route=\/wp\/v2\/types\/page"}],"author":[{"embeddable":true,"href":"http:\/\/www.sv-gebrazhofen.de\/index.php?rest_route=\/wp\/v2\/users\/1"}],"replies":[{"embeddable":true,"href":"http:\/\/www.sv-gebrazhofen.de\/index.php?rest_route=%2Fwp%2Fv2%2Fcomments&post=3220"}],"version-history":[{"count":26,"href":"http:\/\/www.sv-gebrazhofen.de\/index.php?rest_route=\/wp\/v2\/pages\/3220\/revisions"}],"predecessor-version":[{"id":5092,"href":"http:\/\/www.sv-gebrazhofen.de\/index.php?rest_route=\/wp\/v2\/pages\/3220\/revisions\/5092"}],"wp:attachment":[{"href":"http:\/\/www.sv-gebrazhofen.de\/index.php?rest_route=%2Fwp%2Fv2%2Fmedia&parent=3220"}],"curies":[{"name":"wp","href":"https:\/\/api.w.org\/{rel}","templated":true}]}}