{"id":339,"date":"2013-03-06T11:44:09","date_gmt":"2013-03-06T09:44:09","guid":{"rendered":"http:\/\/www.sv-gebrazhofen.de\/?page_id=339"},"modified":"2013-03-06T15:52:39","modified_gmt":"2013-03-06T13:52:39","slug":"ihre-personlichen-daten-fur-den-svg","status":"publish","type":"page","link":"http:\/\/www.sv-gebrazhofen.de\/?page_id=339","title":{"rendered":"Ihre pers\u00f6nlichen Daten f\u00fcr den SVG"},"content":{"rendered":"<p>Der SV Gebrazhofen versichert, ihre Daten nur f\u00fcr vereinsinterne Zwecke zu verwenden und keinesfalls an Dritte weiterzugeben.<\/p>\n<p>[formbuilder:1]<\/p>\n","protected":false},"excerpt":{"rendered":"<p>Der SV Gebrazhofen versichert, ihre Daten nur f\u00fcr vereinsinterne Zwecke zu verwenden und keinesfalls an Dritte weiterzugeben. [formbuilder:1]<\/p>\n","protected":false},"author":1,"featured_media":0,"parent":0,"menu_order":0,"comment_status":"closed","ping_status":"closed","template":"","meta":{"footnotes":""},"class_list":["post-339","page","type-page","status-publish","hentry"],"_links":{"self":[{"href":"http:\/\/www.sv-gebrazhofen.de\/index.php?rest_route=\/wp\/v2\/pages\/339","targetHints":{"allow":["GET"]}}],"collection":[{"href":"http:\/\/www.sv-gebrazhofen.de\/index.php?rest_route=\/wp\/v2\/pages"}],"about":[{"href":"http:\/\/www.sv-gebrazhofen.de\/index.php?rest_route=\/wp\/v2\/types\/page"}],"author":[{"embeddable":true,"href":"http:\/\/www.sv-gebrazhofen.de\/index.php?rest_route=\/wp\/v2\/users\/1"}],"replies":[{"embeddable":true,"href":"http:\/\/www.sv-gebrazhofen.de\/index.php?rest_route=%2Fwp%2Fv2%2Fcomments&post=339"}],"version-history":[{"count":6,"href":"http:\/\/www.sv-gebrazhofen.de\/index.php?rest_route=\/wp\/v2\/pages\/339\/revisions"}],"predecessor-version":[{"id":341,"href":"http:\/\/www.sv-gebrazhofen.de\/index.php?rest_route=\/wp\/v2\/pages\/339\/revisions\/341"}],"wp:attachment":[{"href":"http:\/\/www.sv-gebrazhofen.de\/index.php?rest_route=%2Fwp%2Fv2%2Fmedia&parent=339"}],"curies":[{"name":"wp","href":"https:\/\/api.w.org\/{rel}","templated":true}]}}