{"id":79,"date":"2012-11-27T09:24:27","date_gmt":"2012-11-27T07:24:27","guid":{"rendered":"http:\/\/www.sv-gebrazhofen.de\/?page_id=79"},"modified":"2017-05-22T06:52:30","modified_gmt":"2017-05-22T04:52:30","slug":"was-ist-taekwondo","status":"publish","type":"page","link":"http:\/\/www.sv-gebrazhofen.de\/?page_id=79","title":{"rendered":"Was ist Taekwondo?"},"content":{"rendered":"<p style=\"text-align: justify;\"><strong>Durchschlagender Erfolg<\/strong><\/p>\n<p style=\"text-align: justify;\">\u201eTaekwondo\u201c \u2013 der Name ist Programm. Denn Taekwondo ist koreanisch und bedeutet w\u00f6rtlich \u00fcbersetzt \u201cFu\u00df \u2013 Faust \u2013 Weg\u201d. Damit sind schon die wichtigsten Grundbegriffe des Kampfsports umrissen:<\/p>\n<p style=\"text-align: justify;\">\u201cFu\u00df\u201d und \u201cFaust\u201d stehen f\u00fcr die Techniken des Taekwondo: Kicks in allen Variationen, in Bauch oder Kopfh\u00f6he, gedreht, gesprungen, doppelt oder dreifach und Fausttechniken, vor allem Faustst\u00f6\u00dfe zum Angriff und Blocks zur Verteidigung.<\/p>\n<p style=\"text-align: justify;\">Der \u201cWeg\u201d hingegen beschreibt die pers\u00f6nliche Entwicklung, die jeder echte Taekwondoka durchl\u00e4uft, vom Wei\u00dfgurt zum Schwarzgurt, vom Sch\u00fcler zum Meister. Dabei geht es um mehr, als nur sportliche Fortschritte. Wird Taekwondo richtig gelehrt und erlernt, wird es zur Charakterschule. Geduld, Respekt vor dem Gegen\u00fcber, Erkennen der eigenen Schw\u00e4chen und St\u00e4rken, Selbstdisziplin sind nur einige Aspekte, mit denen sich der Sportler im Training auseinandersetzen muss.<\/p>\n<p style=\"text-align: justify;\">F\u00fcr viele Sportler macht gerade diese Kombination von k\u00f6rperlichem Training und geistiger Dimension den besonderen Reiz des Taekwondo aus.<\/p>\n<div id=\"c18\" style=\"text-align: justify;\">\n<div>\n<p><strong>Attraktive Vielseitigkeit<\/strong><\/p>\n<\/div>\n<p>Die beiden wichtigsten Disziplinen des Taekwondo sind Wettkampf und Formenlauf.<\/p>\n<p>Beim TKD Gebrazhofen wird Vollkontakt Wettkampf nach den WTF (World Taekwondo Federation)-Regeln betrieben. Der Vollkontakt-Wettkampf ist Olympische Disziplin. Wettkampftaekwondo ist schnell, technisch und taktisch anspruchsvoll und sehr spannend. W\u00e4hrend der Wettkampfsaison finden fast an jedem Wochenende gr\u00f6\u00dfere und kleinere Meisterschaften f\u00fcr Anf\u00e4nger und Fortgeschrittene in verschiedenen Regionen Deutschlands statt. Wer also Spa\u00df am Wettkampftraining hat, findet immer Gelegenheit, seine F\u00e4higkeiten zu erproben.<\/p>\n<p>Formenlauf ist f\u00fcr jeden Taekwondoka Pflicht, der G\u00fcrtelpr\u00fcfungen ablegen m\u00f6chte. F\u00fcr jede Pr\u00fcfung muss eine neue Form (Poomsae) erlernt werden. Die Formen sind eine feste Abfolge von Angriffs- und Verteidigungstechniken, die gegen einen imagin\u00e4ren Gegner ausgef\u00fchrt werden. Formenlauf ist auch Wettkampfdisziplin und wird auf Turnieren betrieben. Bewertet werden dann zum Beispiel die Exaktheit der Ausf\u00fchrung, der Ausdruck und die Dynamik der Bewegungen.<\/p>\n<p>Daneben gibt es drei weitere Sparten:<br \/>\nIn der Grundschule wird trainiert, die Basistechniken korrekt und effektiv auszuf\u00fchren. Beim Bruchtest wird die Durchschlagkraft der erlernten Techniken erprobt. Bei der Selbstverteidigung \u00fcbt man Methoden, sich gegen konkrete Angriffe zur Wehr zu setzen.<\/p>\n<\/div>\n<div style=\"text-align: justify;\">\n<p><strong>Taekwondo \u2013 f\u00fcr jeden das Richtige<\/strong><\/p>\n<\/div>\n<p style=\"text-align: justify;\">Taekwondo wird von Sportlern jeden Alters und beiderlei Geschlechts mit Begeisterung betrieben.<br \/>\nKinderkurse sind f\u00fcr Kids ab etwa sechs Jahren geeignet. Die Kinder werden dort nicht nur spielerisch zu gesunder Bewegung angeleitet. Stille Kinder werden ermutigt, sich mehr zuzutrauen, energiegeladene Kinder lernen sich in eine Gruppe einzuf\u00fcgen und R\u00fccksicht auf andere zu nehmen. Wettkampftaekwondo ist gut f\u00fcr die Fitness und f\u00f6rdert vor allem Kraft und Schnelligkeit, Beweglichkeit und Koordinationsf\u00e4higkeit. Der Formenlauf ist ruhiger und fast meditativ, dabei aber trotzdem \u00fcberraschend anstrengend. Allen Bereichen gemein ist das \u201cDo\u201d, die geistige Dimension des Taekwondo. Davon f\u00fchlen sich viele Sportler angesprochen, die vom Training mehr erwarten, als Funfaktor, Schwitzen und Muskelkater \u2013 eine Bereicherung f\u00fcr K\u00f6rper und Geist.<br \/>\n<strong><br \/>\nHeimat des Taekwondo: Korea<\/strong><\/p>\n<p style=\"text-align: justify;\">Schon Wandgem\u00e4lde aus der Koguryo-Dynastie, dem etwa um 37 v. Chr. gegr\u00fcndeten koreanischen K\u00f6nigreich, zeigen K\u00e4mpfer beim Ausf\u00fchren von Kampftechniken, die noch heute gebr\u00e4uchlich sind. W\u00e4hrend seiner langen Geschichte nahm Taekwondo verschiedene Elemente der koreanischen Kultur auf. Vor allem Buddhistische und Taoistische Einfl\u00fcsse \u2013 geistige Konzentration, Meditation, Respekt vor dem Meister oder \u00e4lteren Sch\u00fclern \u2013 sind bis heute wirksam.<br \/>\nTaekwondo blieb von den Wechself\u00e4llen der Geschichte nicht verschont und wurde unter der japanischen Besatzung Koreas in der ersten H\u00e4lfte unseres Jahrhunderts sogar verboten. Viele Koreaner trainierten deshalb heimlich und Taekwondo wurde zum wichtigen Bestandteil der koreanischen Identit\u00e4t.<\/p>\n<div id=\"c21\" style=\"text-align: justify;\">\n<div>\n<p><strong>Moderner Wettkampfsport<\/strong><\/p>\n<\/div>\n<p>Nach dem zweiten Weltkrieg und der Teilung in Nord- und S\u00fcdkorea, begann auch f\u00fcr Taekwondo ein geteiltes Zeitalter. In Nordkorea entwickelte sich unter General Choi das ITF (International Taekwondo Federation) System, in S\u00fcdkorea unter Kim Un-Yong das WTF (World Taekwondo Federation) Taekwondo. 1971 wurde Taekwondo in Korea als Nationalsport anerkannt und 1973 wurde die WTF offiziell gegr\u00fcndet. Im selben Jahr fand in Seoul die erste Weltmeisterschaft Taekwondo statt.<br \/>\nWurde lange Zeit nur Wettkampftaekwondo auf Weltebene ausgetragen, so fand 2006 auch die erste, lange erwartete Weltmeisterschaft Formen statt. Mittlerweile haben die Formenweltmeisterschaften einen festen Platz im internationalen Turnierkalender.<\/p>\n<\/div>\n<div style=\"text-align: justify;\">\n<p><strong>Olympische Disziplin<\/strong><\/p>\n<\/div>\n<p style=\"text-align: justify;\">Taekwondo ist neben Judo die zweite asiatische Kampfsportart, der olympische Ehren zuteilwurden: 1981 wurde Taekwondo vom IOC als olympische Disziplin anerkannt. Bei den Olympischen Spielen 1988 in Seoul und 1992 in Barcelona wurde es als Demonstrationssportart ausgetragen. Bei der IOC-Sitzung 1994 in Paris wurde Taekwondo zur vollwertigen Olympischen Sportart erkl\u00e4rt \u2013 und endlich war es so weit: Bei den Olympischen Spielen 2000 in Sydney erlebte Taekwondo seine olympische Premiere.<\/p>\n<p style=\"text-align: justify;\"><strong>Erfolgreich etabliert: Taekwondo in Deutschland<\/strong><\/p>\n<p style=\"text-align: justify;\">Vom koreanischen Exportschlager bis zur festen Gr\u00f6\u00dfe im heimischen Sportgeschehen: Die Erfolgsgeschichte des Taekwondo in Deutschland erstreckt sich \u00fcber mehr als vierzig Jahre \u2013 und sie ist noch lange nicht zu Ende. Alles begann im Jahre 1965. Damals tourte ein koreanisches Demoteam unter der Leitung des sp\u00e4teren ITF-Gr\u00fcnders Choi Hong-Hi durch Afrika, den Nahen Osten und Europa. In Deutschland waren Frankfurt und M\u00fcnchen die Stationen. Unter \u201eKorea\u201c konnten sich die meisten Deutschen damals wenig vorstellen. Doch von der Vorf\u00fchrung der koreanischen Taekwondo-Meister waren viele Zuschauer begeistert. Exotisches Flair, Dynamik und sportliches Potential \u00fcbten einen gro\u00dfen Reiz aus und so dauerte es nicht lange, bis sich die ersten deutschen Taekwondo-Sportler zusammenfanden. Trainiert wurde zun\u00e4chst oft in sp\u00e4rlichen R\u00e4umlichkeiten, Enthusiasten nahmen weite Wege in Kauf, um zum n\u00e4chsten Taekwondo-Verein oder zur n\u00e4chsten Sportschule zu gelangen.<\/p>\n<div id=\"c24\" style=\"text-align: justify;\">\n<div>\n<p><strong>Auf der Erfolgsspur<\/strong><\/p>\n<\/div>\n<p>Doch mit deutscher Gr\u00fcndlichkeit begannen sich die Kampfsportler zu organisieren: Bereits 1968 wurde die Sektion Taekwondo im Deutschen Judo Bund \u2013 die Vorg\u00e4ngerin der Deutschen Taekwondo Union (DTU) \u2013 gegr\u00fcndet, im selben Jahr fand in M\u00fcnchen die erste Deutsche Meisterschaft statt. Auch an der ersten Weltmeisterschaft 1973 in Seoul nahm ein deutsches Team teil. Damit machten die deutschen Taekwondokas vom ersten Augenblick an klar, dass sie die Entwicklung des internationalen Taekwondo-Sports nicht ohne sie stattfinden sollte.<\/p>\n<p>1981 wurde die Deutsche Taekwondo Union (DTU) gegr\u00fcndet. Heute umfasst sie 17 Landesverb\u00e4nde bestehend aus 863 Vereinen und 55.256 Mitgliedern.<br \/>\nImmer wieder bew\u00e4hrt sich die DTU aus Ausrichterin internationaler Turniere. 1979 wurde die erste Weltmeisterschaft in Deutschland, in Sindelfingen, ausgetragen, damals wurde mit Rainer M\u00fcller auch der erste Deutsche Weltmeister. Der World Cup 1998, die Weltmeisterschaft 2003 und die Europameisterschaft 2006 fanden in Deutschland statt. Auch mit den German Open konnte sich die DTU einen guten Namen machen. Die German Open z\u00e4hlen weltweit zu den gr\u00f6\u00dften und wichtigsten Turnieren und ziehen jedes Jahr um die 1000 hochkar\u00e4tige Athleten aus allen wichtigen Taekwondo-Nationen an. Die Veranstaltung z\u00e4hlt zu den A-Class-Turnieren der Europ\u00e4ischen Taekwondo Union und ist seit 2010 von der World Taekwondo Federation anerkannt. Das bedeutet, dass die Ergebnisse der German Open sowohl in die europ\u00e4ische als auch die weltweite Rangliste einflie\u00dfen.<\/p>\n<\/div>\n<div style=\"text-align: justify;\">\n<p><strong>Olympisches Taekwondo in Deutschland<\/strong><\/p>\n<\/div>\n<p style=\"text-align: justify;\">Bei den Olympischen Spielen 2000 in Sydney erlebte Taekwondo seine olympische Premiere. Mit dabei waren drei Sportler aus Deutschland: Fadime Helvacioglu, Aziz Acharki und Faissal Ebnoutalib. Faissal Ebnoutalib konnte sich die Silbermedaille erk\u00e4mpfen. Weniger gut lief die Qualifikationsphase f\u00fcr die Olympischen Spiele 2004 in Athen. Weder beim Welt-Qualifikationsturnier in Paris noch beim europ\u00e4ischen Qualifikationsturnier in Baku konnte ein deutscher Sportler die Voraussetzungen f\u00fcr eine Olympiateilnahme erf\u00fcllen. Starke Leistungen zeigten die deutschen Taekwondosportler dagegen in der anspruchsvollen Qualifikationsphase f\u00fcr die Olympischen Spiele 2008. Die DTU konnte deshalb in Peking erstmals alle vier pro Nation m\u00f6glichen Startpl\u00e4tze besetzen. Mit dem dreifachen Europameister Levent Tuncat, der amtierenden Europameisterin S\u00fcmeyye G\u00fclec, Europameisterin und Milit\u00e4rweltmeisterin Helena Fromm sowie dem EM-Dritten und Ex-Milit\u00e4rweltmeister Daniel Manz war in Peking ein konkurrenzf\u00e4higes Team am Start. Gemeinsam mit den Bundestrainern Waldemar Helm und Markus Kohl\u00f6ffel hatten sich die vier sorgf\u00e4ltig vorbereitet. Trotzdem blieben die deutschen Taekwondo-Sportler in Peking ohne Medaille. Die Hoffnungen der DTU richteten\u00a0sich vortan auf London 2012. Da in Peking ein junges Team am Start war \u2013 mit einem Durchschnittsalter von knapp 20 Jahren das j\u00fcngste im deutschen Olympiaaufgebot \u2013 konnten sich auch die Teilnehmer von Peking Hoffnungen auf eine zweite Chance machen. Und f\u00fcr zwei Sportlerinnen wird der Traum erneut wahr! Mit Helena Fromm und S\u00fcmeyye Manz sind zwei K\u00e4mpferinnen von Peking auch in London mit dabei und versuchen die begehrten Medaillen zu ergattern.<\/p>\n<p style=\"text-align: justify;\">Quelle:\u00a0<a href=\"http:\/\/www.dtu.de\/30.html\" target=\"_blank\">Deutsche Taekwondo Union<\/a><\/p>\n","protected":false},"excerpt":{"rendered":"<p>Durchschlagender Erfolg \u201eTaekwondo\u201c \u2013 der Name ist Programm. Denn Taekwondo ist koreanisch und bedeutet w\u00f6rtlich \u00fcbersetzt \u201cFu\u00df \u2013 Faust \u2013 Weg\u201d. Damit sind schon die wichtigsten Grundbegriffe des Kampfsports umrissen: \u201cFu\u00df\u201d und \u201cFaust\u201d stehen f\u00fcr die Techniken des Taekwondo: Kicks &hellip; <a href=\"http:\/\/www.sv-gebrazhofen.de\/?page_id=79\">Weiterlesen <span class=\"meta-nav\">&rarr;<\/span><\/a><\/p>\n","protected":false},"author":1,"featured_media":0,"parent":0,"menu_order":0,"comment_status":"closed","ping_status":"closed","template":"","meta":{"footnotes":""},"class_list":["post-79","page","type-page","status-publish","hentry"],"_links":{"self":[{"href":"http:\/\/www.sv-gebrazhofen.de\/index.php?rest_route=\/wp\/v2\/pages\/79","targetHints":{"allow":["GET"]}}],"collection":[{"href":"http:\/\/www.sv-gebrazhofen.de\/index.php?rest_route=\/wp\/v2\/pages"}],"about":[{"href":"http:\/\/www.sv-gebrazhofen.de\/index.php?rest_route=\/wp\/v2\/types\/page"}],"author":[{"embeddable":true,"href":"http:\/\/www.sv-gebrazhofen.de\/index.php?rest_route=\/wp\/v2\/users\/1"}],"replies":[{"embeddable":true,"href":"http:\/\/www.sv-gebrazhofen.de\/index.php?rest_route=%2Fwp%2Fv2%2Fcomments&post=79"}],"version-history":[{"count":2,"href":"http:\/\/www.sv-gebrazhofen.de\/index.php?rest_route=\/wp\/v2\/pages\/79\/revisions"}],"predecessor-version":[{"id":2800,"href":"http:\/\/www.sv-gebrazhofen.de\/index.php?rest_route=\/wp\/v2\/pages\/79\/revisions\/2800"}],"wp:attachment":[{"href":"http:\/\/www.sv-gebrazhofen.de\/index.php?rest_route=%2Fwp%2Fv2%2Fmedia&parent=79"}],"curies":[{"name":"wp","href":"https:\/\/api.w.org\/{rel}","templated":true}]}}