{"id":81,"date":"2012-11-27T09:25:10","date_gmt":"2012-11-27T07:25:10","guid":{"rendered":"http:\/\/www.sv-gebrazhofen.de\/?page_id=81"},"modified":"2017-05-22T06:51:44","modified_gmt":"2017-05-22T04:51:44","slug":"das-sind-wir","status":"publish","type":"page","link":"http:\/\/www.sv-gebrazhofen.de\/?page_id=81","title":{"rendered":"Die Abteilung Taekwondo"},"content":{"rendered":"<p style=\"text-align: justify;\"><img loading=\"lazy\" decoding=\"async\" class=\"alignnone size-full wp-image-562\" title=\"IMG_3763\" src=\"http:\/\/www.sv-gebrazhofen.de\/wp-content\/uploads\/2012\/11\/IMG_3763.jpg\" alt=\"\" width=\"567\" height=\"282\" srcset=\"http:\/\/www.sv-gebrazhofen.de\/wp-content\/uploads\/2012\/11\/IMG_3763.jpg 567w, http:\/\/www.sv-gebrazhofen.de\/wp-content\/uploads\/2012\/11\/IMG_3763-300x149.jpg 300w, http:\/\/www.sv-gebrazhofen.de\/wp-content\/uploads\/2012\/11\/IMG_3763-500x248.jpg 500w\" sizes=\"auto, (max-width: 567px) 100vw, 567px\" \/><br \/>\nWir sind eine bunt zusammengew\u00fcrfelte Gruppe aus Sportlern, die eines verbindet, Taekwondo. Rund 60 Mitglieder, zwischen sieben und f\u00fcnfzig Jahren, suchen im Taekwondo Abwechslung, Spa\u00df und sportliche Herausforderung.<br \/>\nMit neusten Trainingsmethoden, welche im Trainertraining und auf Lehrg\u00e4ngen immer aktuell gehalten werden, bieten wir ein breites Spektrum dieses Sports. Dies zeigt sich vor allem im Wettkampfteam, welches auf nationaler wie auch internationaler Ebene Siege erzielt. Seit vielen Jahren werden Sportler der Abteilung Taekwondo von der Stadt Leutkirch wegen ihrer herausragender Leistung geehrt. Aktuell befindet sich ein Landesmeister und eine Vize-Landesmeisterin im Leistungskader des SV Gebrazhofen. Zudem hat die Abteilung einen Landeskaderathleten vorzuweisen.<\/p>\n<p style=\"text-align: justify;\">Trotzdem wird der Spa\u00df und Gesundheitssportaspekt nicht vernachl\u00e4ssigt, sondern ist elementarer Leitgedanke des Trainings!<\/p>\n<p style=\"text-align: justify;\">Beim\u00a0SV Gebrazhofen Abteilung Taekwondo werden die Sportler von ingesamt 6 Trainern betreut. Selbstverst\u00e4ndlich haben alle jahrelange Erfahrung und eine g\u00fcltige Trainerlizenz, sowie Ersthelfer-Kurse. Mit Abteilungsleiter Julian Moik, welcher Taekwondo seit \u00fcber 20 Jahren betreibt, befindet sich ein erfahrener Diplom-Sozialp\u00e4dagoge im Team, welcher mit Fingerspitzengef\u00fchl und professionellem Know-How die\u00a0Geschicke der Erfolgsabteilung leitet.\u00a0\u00a0Unterst\u00fctzt werden die Trainer von momentan 2 Assistenztrainerinnen die mit viel Elan und einer Menge Spa\u00df die Trainingseinheiten mitgestalten.<\/p>\n","protected":false},"excerpt":{"rendered":"<p>Wir sind eine bunt zusammengew\u00fcrfelte Gruppe aus Sportlern, die eines verbindet, Taekwondo. Rund 60 Mitglieder, zwischen sieben und f\u00fcnfzig Jahren, suchen im Taekwondo Abwechslung, Spa\u00df und sportliche Herausforderung. Mit neusten Trainingsmethoden, welche im Trainertraining und auf Lehrg\u00e4ngen immer aktuell gehalten &hellip; <a href=\"http:\/\/www.sv-gebrazhofen.de\/?page_id=81\">Weiterlesen <span class=\"meta-nav\">&rarr;<\/span><\/a><\/p>\n","protected":false},"author":1,"featured_media":0,"parent":0,"menu_order":0,"comment_status":"closed","ping_status":"closed","template":"","meta":{"footnotes":""},"class_list":["post-81","page","type-page","status-publish","hentry"],"_links":{"self":[{"href":"http:\/\/www.sv-gebrazhofen.de\/index.php?rest_route=\/wp\/v2\/pages\/81","targetHints":{"allow":["GET"]}}],"collection":[{"href":"http:\/\/www.sv-gebrazhofen.de\/index.php?rest_route=\/wp\/v2\/pages"}],"about":[{"href":"http:\/\/www.sv-gebrazhofen.de\/index.php?rest_route=\/wp\/v2\/types\/page"}],"author":[{"embeddable":true,"href":"http:\/\/www.sv-gebrazhofen.de\/index.php?rest_route=\/wp\/v2\/users\/1"}],"replies":[{"embeddable":true,"href":"http:\/\/www.sv-gebrazhofen.de\/index.php?rest_route=%2Fwp%2Fv2%2Fcomments&post=81"}],"version-history":[{"count":6,"href":"http:\/\/www.sv-gebrazhofen.de\/index.php?rest_route=\/wp\/v2\/pages\/81\/revisions"}],"predecessor-version":[{"id":2799,"href":"http:\/\/www.sv-gebrazhofen.de\/index.php?rest_route=\/wp\/v2\/pages\/81\/revisions\/2799"}],"wp:attachment":[{"href":"http:\/\/www.sv-gebrazhofen.de\/index.php?rest_route=%2Fwp%2Fv2%2Fmedia&parent=81"}],"curies":[{"name":"wp","href":"https:\/\/api.w.org\/{rel}","templated":true}]}}